{"id":839,"date":"2020-08-31T19:35:59","date_gmt":"2020-08-31T19:35:59","guid":{"rendered":"http:\/\/grupo-petro.com.mx\/es\/?page_id=839"},"modified":"2020-09-14T20:41:58","modified_gmt":"2020-09-14T20:41:58","slug":"fletera-multimodal-de-carga","status":"publish","type":"page","link":"https:\/\/grupo-petro.com.mx\/petro\/fletera-multimodal-de-carga\/","title":{"rendered":"FLETERA MULTIMODAL DE CARGA"},"content":{"rendered":"<p>[et_pb_section fb_built=\u00bb1&#8243; fullwidth=\u00bbon\u00bb _builder_version=\u00bb3.22&#8243;][et_pb_fullwidth_slider admin_label=\u00bbControl deslizante de anchura completa\u00bb _builder_version=\u00bb4.3.3&#8243; custom_padding=\u00bb|||\u00bb custom_padding_tablet=\u00bb|||\u00bb custom_padding_phone=\u00bb|||\u00bb box_shadow_style=\u00bbpreset6&#8243; box_shadow_blur=\u00bb10px\u00bb box_shadow_color=\u00bbrgba(0,0,0,0.1)\u00bb show_inner_shadow=\u00bbon\u00bb button_text_size__hover_enabled=\u00bboff\u00bb button_one_text_size__hover_enabled=\u00bboff\u00bb button_two_text_size__hover_enabled=\u00bboff\u00bb button_text_color__hover_enabled=\u00bboff\u00bb button_one_text_color__hover_enabled=\u00bboff\u00bb button_two_text_color__hover_enabled=\u00bboff\u00bb button_border_width__hover_enabled=\u00bboff\u00bb button_one_border_width__hover_enabled=\u00bboff\u00bb button_two_border_width__hover_enabled=\u00bboff\u00bb button_border_color__hover_enabled=\u00bboff\u00bb button_one_border_color__hover_enabled=\u00bboff\u00bb button_two_border_color__hover_enabled=\u00bboff\u00bb button_border_radius__hover_enabled=\u00bboff\u00bb button_one_border_radius__hover_enabled=\u00bboff\u00bb button_two_border_radius__hover_enabled=\u00bboff\u00bb button_letter_spacing__hover_enabled=\u00bboff\u00bb button_one_letter_spacing__hover_enabled=\u00bboff\u00bb button_two_letter_spacing__hover_enabled=\u00bboff\u00bb button_bg_color__hover_enabled=\u00bboff\u00bb button_one_bg_color__hover_enabled=\u00bboff\u00bb button_two_bg_color__hover_enabled=\u00bboff\u00bb][et_pb_slide heading=\u00bbFletera Multimodal de Carga\u00bb use_text_overlay=\u00bbon\u00bb _builder_version=\u00bb4.3.3&#8243; header_font=\u00bb|600|||||||\u00bb header_font_size=\u00bb37px\u00bb background_color=\u00bb#ffffff\u00bb background_image=\u00bbhttp:\/\/grupo-petro.com.mx\/petro\/wp-content\/uploads\/2015\/09\/flotilla_petro.jpg\u00bb background_enable_image=\u00bbon\u00bb button_text_size__hover_enabled=\u00bboff\u00bb button_one_text_size__hover_enabled=\u00bboff\u00bb button_two_text_size__hover_enabled=\u00bboff\u00bb button_text_color__hover_enabled=\u00bboff\u00bb button_one_text_color__hover_enabled=\u00bboff\u00bb button_two_text_color__hover_enabled=\u00bboff\u00bb button_border_width__hover_enabled=\u00bboff\u00bb button_one_border_width__hover_enabled=\u00bboff\u00bb button_two_border_width__hover_enabled=\u00bboff\u00bb button_border_color__hover_enabled=\u00bboff\u00bb button_one_border_color__hover_enabled=\u00bboff\u00bb button_two_border_color__hover_enabled=\u00bboff\u00bb button_border_radius__hover_enabled=\u00bboff\u00bb button_one_border_radius__hover_enabled=\u00bboff\u00bb button_two_border_radius__hover_enabled=\u00bboff\u00bb button_letter_spacing__hover_enabled=\u00bboff\u00bb button_one_letter_spacing__hover_enabled=\u00bboff\u00bb button_two_letter_spacing__hover_enabled=\u00bboff\u00bb button_bg_color__hover_enabled=\u00bboff\u00bb button_one_bg_color__hover_enabled=\u00bboff\u00bb button_two_bg_color__hover_enabled=\u00bboff\u00bb][\/et_pb_slide][\/et_pb_fullwidth_slider][\/et_pb_section][et_pb_section fb_built=\u00bb1&#8243; _builder_version=\u00bb4.3.3&#8243; use_background_color_gradient=\u00bbon\u00bb background_color_gradient_start=\u00bb#ffffff\u00bb background_color_gradient_end=\u00bbrgba(255,255,255,0.33)\u00bb background_image=\u00bbhttp:\/\/grupo-petro.com.mx\/petro\/wp-content\/uploads\/2015\/09\/plataforma-1.jpg\u00bb background_blend=\u00bboverlay\u00bb][et_pb_row column_structure=\u00bb3_4,1_4&#8243; _builder_version=\u00bb3.25&#8243; background_size=\u00bbinitial\u00bb background_position=\u00bbtop_left\u00bb background_repeat=\u00bbrepeat\u00bb][et_pb_column type=\u00bb3_4&#8243; _builder_version=\u00bb3.25&#8243; custom_padding=\u00bb|||\u00bb custom_padding__hover=\u00bb|||\u00bb][et_pb_text admin_label=\u00bbTexto\u00bb _builder_version=\u00bb4.3.3&#8243; header_font=\u00bb|700|||||||\u00bb header_5_font=\u00bb|700|||||||\u00bb background_size=\u00bbinitial\u00bb background_position=\u00bbtop_left\u00bb background_repeat=\u00bbrepeat\u00bb]<\/p>\n<h1><span style=\"color: #000080;\">SOBRE NOSOTROS<\/span><\/h1>\n<p>&nbsp;<\/p>\n<h5>Empresa dedicada a la log\u00edstica de Transporte de Carga en General.<\/h5>\n<p>[\/et_pb_text][\/et_pb_column][et_pb_column type=\u00bb1_4&#8243; _builder_version=\u00bb3.25&#8243; custom_padding=\u00bb|||\u00bb custom_padding__hover=\u00bb|||\u00bb][et_pb_image src=\u00bbhttp:\/\/grupo-petro.com.mx\/petro\/wp-content\/uploads\/2015\/09\/grupo-petro3.png\u00bb _builder_version=\u00bb4.3.3&#8243;][\/et_pb_image][\/et_pb_column][\/et_pb_row][\/et_pb_section][et_pb_section fb_built=\u00bb1&#8243; fullwidth=\u00bbon\u00bb _builder_version=\u00bb3.22&#8243; background_color=\u00bb#ffffff\u00bb background_image=\u00bbhttp:\/\/grupo-petro.com.mx\/petro\/wp-content\/uploads\/2015\/09\/fondo_petro_3_1.jpg\u00bb transparent_background=\u00bboff\u00bb][et_pb_fullwidth_header title=\u00bbEQUIPO Y TRANSPORTE\u00bb text_orientation=\u00bbcenter\u00bb content_max_width=\u00bbnone\u00bb admin_label=\u00bbT\u00edtulo de anchura completa\u00bb _builder_version=\u00bb4.3.3&#8243; background_color=\u00bbrgba(255, 255, 255, 0)\u00bb hover_enabled=\u00bb0&#8243; button_one_text_size__hover_enabled=\u00bboff\u00bb button_two_text_size__hover_enabled=\u00bboff\u00bb button_one_text_color__hover_enabled=\u00bboff\u00bb button_two_text_color__hover_enabled=\u00bboff\u00bb button_one_border_width__hover_enabled=\u00bboff\u00bb button_two_border_width__hover_enabled=\u00bboff\u00bb button_one_border_color__hover_enabled=\u00bboff\u00bb button_two_border_color__hover_enabled=\u00bboff\u00bb button_one_border_radius__hover_enabled=\u00bboff\u00bb button_two_border_radius__hover_enabled=\u00bboff\u00bb button_one_letter_spacing__hover_enabled=\u00bboff\u00bb button_two_letter_spacing__hover_enabled=\u00bboff\u00bb button_one_bg_color__hover_enabled=\u00bboff\u00bb button_two_bg_color__hover_enabled=\u00bboff\u00bb title_font=\u00bb|700|||||||\u00bb][\/et_pb_fullwidth_header][\/et_pb_section][et_pb_section fb_built=\u00bb1&#8243; inner_shadow=\u00bbon\u00bb _builder_version=\u00bb4.3.3&#8243; background_color=\u00bb#282828&#8243; transparent_background=\u00bboff\u00bb][et_pb_row column_structure=\u00bb1_2,1_2&#8243; _builder_version=\u00bb4.3.3&#8243; background_size=\u00bbinitial\u00bb background_position=\u00bbtop_left\u00bb background_repeat=\u00bbrepeat\u00bb][et_pb_column type=\u00bb1_2&#8243; _builder_version=\u00bb4.3.3&#8243; custom_padding=\u00bb|||\u00bb custom_padding__hover=\u00bb|||\u00bb][et_pb_blurb title=\u00bbEquipo: Plataformas 40ft. a 80ft.\u00bb image_max_width=\u00bbnone\u00bb admin_label=\u00bbAnuncio\u00bb _builder_version=\u00bb4.3.3&#8243; header_level=\u00bbh3&#8243; header_font=\u00bb|700|||||||\u00bb header_text_color=\u00bb#ffffff\u00bb background_size=\u00bbinitial\u00bb background_position=\u00bbtop_left\u00bb background_repeat=\u00bbrepeat\u00bb width=\u00bb100%\u00bb]<\/p>\n<ul>\n<li style=\"text-align: justify;\"><span style=\"color: #ffffff;\"><strong>Contenedores<\/strong><\/span><\/li>\n<li style=\"text-align: justify;\"><span style=\"color: #ffffff;\"><strong>Sider\u00fargico<\/strong><\/span><\/li>\n<li style=\"text-align: justify;\"><span style=\"color: #ffffff;\"><strong>Automotriz<\/strong><\/span><\/li>\n<li style=\"text-align: justify;\"><span style=\"color: #ffffff;\"><strong>Alimenticio<\/strong><\/span><\/li>\n<li style=\"text-align: justify;\"><span style=\"color: #ffffff;\"><strong>Pl\u00e1stico<\/strong><\/span><\/li>\n<li style=\"text-align: justify;\"><span style=\"color: #ffffff;\"><strong>Maquila Industrial<\/strong><\/span><\/li>\n<li style=\"text-align: justify;\"><span style=\"color: #ffffff;\"><strong>Qu\u00edmico<\/strong><\/span><\/li>\n<li style=\"text-align: justify;\"><span style=\"color: #ffffff;\"><strong>Energ\u00e9tico<\/strong><\/span><\/li>\n<li style=\"text-align: justify;\"><span style=\"color: #ffffff;\"><strong>Material Peligroso, Etc.<\/strong><\/span><\/li>\n<\/ul>\n<p>[\/et_pb_blurb][\/et_pb_column][et_pb_column type=\u00bb1_2&#8243; _builder_version=\u00bb3.25&#8243; custom_padding=\u00bb|||\u00bb custom_padding__hover=\u00bb|||\u00bb][et_pb_blurb title=\u00bbTecnolog\u00eda en el servicio\u00bb image_max_width=\u00bbnone\u00bb admin_label=\u00bbAnuncio\u00bb _builder_version=\u00bb4.3.3&#8243; header_level=\u00bbh2&#8243; header_font=\u00bb|700|||||||\u00bb body_text_color=\u00bb#ffffff\u00bb background_size=\u00bbinitial\u00bb background_position=\u00bbtop_left\u00bb background_repeat=\u00bbrepeat\u00bb background_layout=\u00bbdark\u00bb width=\u00bb100%\u00bb]<\/p>\n<ul>\n<li style=\"text-align: justify;\">..I.S. \u201cZAM\u201d: sistema integral de operaci\u00f3n, administraci\u00f3n, log\u00edstica y mantenimiento de transporte.<\/li>\n<li style=\"text-align: justify;\">Equipo de Rastreo en 100% de la flota: monitoreado (velocidad, ruta, paradas, tiempos, etc.) interna y externamente 24\/7 los 365 d\u00edas del a\u00f1o.<\/li>\n<li style=\"text-align: justify;\">Comunicaci\u00f3n: Tr\u00e1fico-operadores directa v\u00eda Telef\u00f3nica 24\/7<\/li>\n<li style=\"text-align: justify;\">Sistema antivuelco: 70% de la flota cuenta con el sistema de prevenci\u00f3n de accidentes.<\/li>\n<li style=\"text-align: justify;\">Responsabilidad: P\u00f3liza R.C. Ec\u00f3logica ampara accidentes o derrames que ocasione su producto donde contaminen el medio ambiente.<\/li>\n<li style=\"text-align: justify;\">Todas nuestras unidades circulan por autopistas de peaje, usando \u201cIAVE\u201d<\/li>\n<li style=\"text-align: justify;\">Operadores:\u00a0<strong>Selecci\u00f3n sistema R. Control \u201cRECURSO CONFIABLE\u201d, p<\/strong><strong style=\"font-size: 14px;\">osteriormente prueba de pol\u00edgrafo \u201cDETECTOR DE MENTIRAS\u201d, t<\/strong><strong style=\"font-size: 14px;\">odos nuestros operadores cuentan con licencia tipo \u201cE\u201d, c<\/strong><strong style=\"font-size: 14px;\">apacitaci\u00f3n y revisi\u00f3n m\u00e9dica de operadores continua.<\/strong><\/li>\n<\/ul>\n<p>[\/et_pb_blurb][\/et_pb_column][\/et_pb_row][\/et_pb_section]<\/p>\n","protected":false},"excerpt":{"rendered":"<p>[et_pb_section fb_built=\u00bb1&#8243; fullwidth=\u00bbon\u00bb _builder_version=\u00bb3.22&#8243;][et_pb_fullwidth_slider admin_label=\u00bbControl deslizante de anchura completa\u00bb _builder_version=\u00bb4.3.3&#8243; custom_padding=\u00bb|||\u00bb custom_padding_tablet=\u00bb|||\u00bb custom_padding_phone=\u00bb|||\u00bb box_shadow_style=\u00bbpreset6&#8243; box_shadow_blur=\u00bb10px\u00bb box_shadow_color=\u00bbrgba(0,0,0,0.1)\u00bb show_inner_shadow=\u00bbon\u00bb button_text_size__hover_enabled=\u00bboff\u00bb button_one_text_size__hover_enabled=\u00bboff\u00bb button_two_text_size__hover_enabled=\u00bboff\u00bb button_text_color__hover_enabled=\u00bboff\u00bb button_one_text_color__hover_enabled=\u00bboff\u00bb button_two_text_color__hover_enabled=\u00bboff\u00bb button_border_width__hover_enabled=\u00bboff\u00bb button_one_border_width__hover_enabled=\u00bboff\u00bb button_two_border_width__hover_enabled=\u00bboff\u00bb button_border_color__hover_enabled=\u00bboff\u00bb button_one_border_color__hover_enabled=\u00bboff\u00bb button_two_border_color__hover_enabled=\u00bboff\u00bb button_border_radius__hover_enabled=\u00bboff\u00bb button_one_border_radius__hover_enabled=\u00bboff\u00bb button_two_border_radius__hover_enabled=\u00bboff\u00bb button_letter_spacing__hover_enabled=\u00bboff\u00bb button_one_letter_spacing__hover_enabled=\u00bboff\u00bb button_two_letter_spacing__hover_enabled=\u00bboff\u00bb button_bg_color__hover_enabled=\u00bboff\u00bb button_one_bg_color__hover_enabled=\u00bboff\u00bb button_two_bg_color__hover_enabled=\u00bboff\u00bb][et_pb_slide heading=\u00bbFletera Multimodal de Carga\u00bb use_text_overlay=\u00bbon\u00bb _builder_version=\u00bb4.3.3&#8243; header_font=\u00bb|600|||||||\u00bb header_font_size=\u00bb37px\u00bb background_color=\u00bb#ffffff\u00bb background_image=\u00bbhttp:\/\/grupo-petro.com.mx\/petro\/wp-content\/uploads\/2015\/09\/flotilla_petro.jpg\u00bb background_enable_image=\u00bbon\u00bb button_text_size__hover_enabled=\u00bboff\u00bb button_one_text_size__hover_enabled=\u00bboff\u00bb button_two_text_size__hover_enabled=\u00bboff\u00bb button_text_color__hover_enabled=\u00bboff\u00bb button_one_text_color__hover_enabled=\u00bboff\u00bb button_two_text_color__hover_enabled=\u00bboff\u00bb [&hellip;]<\/p>\n","protected":false},"author":1,"featured_media":0,"parent":0,"menu_order":0,"comment_status":"closed","ping_status":"closed","template":"","meta":{"_et_pb_use_builder":"on","_et_pb_old_content":"<!-- wp:divi\/placeholder \/-->","_et_gb_content_width":""},"_links":{"self":[{"href":"https:\/\/grupo-petro.com.mx\/petro\/wp-json\/wp\/v2\/pages\/839"}],"collection":[{"href":"https:\/\/grupo-petro.com.mx\/petro\/wp-json\/wp\/v2\/pages"}],"about":[{"href":"https:\/\/grupo-petro.com.mx\/petro\/wp-json\/wp\/v2\/types\/page"}],"author":[{"embeddable":true,"href":"https:\/\/grupo-petro.com.mx\/petro\/wp-json\/wp\/v2\/users\/1"}],"replies":[{"embeddable":true,"href":"https:\/\/grupo-petro.com.mx\/petro\/wp-json\/wp\/v2\/comments?post=839"}],"version-history":[{"count":18,"href":"https:\/\/grupo-petro.com.mx\/petro\/wp-json\/wp\/v2\/pages\/839\/revisions"}],"predecessor-version":[{"id":1033,"href":"https:\/\/grupo-petro.com.mx\/petro\/wp-json\/wp\/v2\/pages\/839\/revisions\/1033"}],"wp:attachment":[{"href":"https:\/\/grupo-petro.com.mx\/petro\/wp-json\/wp\/v2\/media?parent=839"}],"curies":[{"name":"wp","href":"https:\/\/api.w.org\/{rel}","templated":true}]}}