{"id":223,"date":"2015-09-21T17:28:27","date_gmt":"2015-09-21T17:28:27","guid":{"rendered":"http:\/\/grupo-petro.com.mx\/petro\/?page_id=223"},"modified":"2020-09-14T20:41:17","modified_gmt":"2020-09-14T20:41:17","slug":"petro-express","status":"publish","type":"page","link":"https:\/\/grupo-petro.com.mx\/petro\/petro-express\/","title":{"rendered":"PETRO EXPRESS"},"content":{"rendered":"<p>[et_pb_section fb_built=\u00bb1&#8243; fullwidth=\u00bbon\u00bb _builder_version=\u00bb3.22&#8243;][et_pb_fullwidth_slider admin_label=\u00bbControl deslizante de anchura completa\u00bb _builder_version=\u00bb4.3.3&#8243; custom_padding=\u00bb|||\u00bb custom_padding_tablet=\u00bb|||\u00bb custom_padding_phone=\u00bb|||\u00bb box_shadow_style=\u00bbpreset6&#8243; box_shadow_blur=\u00bb10px\u00bb box_shadow_color=\u00bbrgba(0,0,0,0.1)\u00bb show_inner_shadow=\u00bbon\u00bb button_text_size__hover_enabled=\u00bboff\u00bb button_one_text_size__hover_enabled=\u00bboff\u00bb button_two_text_size__hover_enabled=\u00bboff\u00bb button_text_color__hover_enabled=\u00bboff\u00bb button_one_text_color__hover_enabled=\u00bboff\u00bb button_two_text_color__hover_enabled=\u00bboff\u00bb button_border_width__hover_enabled=\u00bboff\u00bb button_one_border_width__hover_enabled=\u00bboff\u00bb button_two_border_width__hover_enabled=\u00bboff\u00bb button_border_color__hover_enabled=\u00bboff\u00bb button_one_border_color__hover_enabled=\u00bboff\u00bb button_two_border_color__hover_enabled=\u00bboff\u00bb button_border_radius__hover_enabled=\u00bboff\u00bb button_one_border_radius__hover_enabled=\u00bboff\u00bb button_two_border_radius__hover_enabled=\u00bboff\u00bb button_letter_spacing__hover_enabled=\u00bboff\u00bb button_one_letter_spacing__hover_enabled=\u00bboff\u00bb button_two_letter_spacing__hover_enabled=\u00bboff\u00bb button_bg_color__hover_enabled=\u00bboff\u00bb button_one_bg_color__hover_enabled=\u00bboff\u00bb button_two_bg_color__hover_enabled=\u00bboff\u00bb][et_pb_slide heading=\u00bbPetro Express del Norte\u00bb use_text_overlay=\u00bbon\u00bb _builder_version=\u00bb4.3.3&#8243; header_font=\u00bb|600|||||||\u00bb header_font_size=\u00bb42px\u00bb background_color=\u00bb#ffffff\u00bb background_image=\u00bbhttp:\/\/grupo-petro.com.mx\/petro\/wp-content\/uploads\/2015\/09\/headerexp.jpg\u00bb button_text_size__hover_enabled=\u00bboff\u00bb button_one_text_size__hover_enabled=\u00bboff\u00bb button_two_text_size__hover_enabled=\u00bboff\u00bb button_text_color__hover_enabled=\u00bboff\u00bb button_one_text_color__hover_enabled=\u00bboff\u00bb button_two_text_color__hover_enabled=\u00bboff\u00bb button_border_width__hover_enabled=\u00bboff\u00bb button_one_border_width__hover_enabled=\u00bboff\u00bb button_two_border_width__hover_enabled=\u00bboff\u00bb button_border_color__hover_enabled=\u00bboff\u00bb button_one_border_color__hover_enabled=\u00bboff\u00bb button_two_border_color__hover_enabled=\u00bboff\u00bb button_border_radius__hover_enabled=\u00bboff\u00bb button_one_border_radius__hover_enabled=\u00bboff\u00bb button_two_border_radius__hover_enabled=\u00bboff\u00bb button_letter_spacing__hover_enabled=\u00bboff\u00bb button_one_letter_spacing__hover_enabled=\u00bboff\u00bb button_two_letter_spacing__hover_enabled=\u00bboff\u00bb button_bg_color__hover_enabled=\u00bboff\u00bb button_one_bg_color__hover_enabled=\u00bboff\u00bb button_two_bg_color__hover_enabled=\u00bboff\u00bb][\/et_pb_slide][\/et_pb_fullwidth_slider][\/et_pb_section][et_pb_section fb_built=\u00bb1&#8243; _builder_version=\u00bb3.22&#8243;][et_pb_row column_structure=\u00bb2_3,1_3&#8243; _builder_version=\u00bb3.25&#8243; background_size=\u00bbinitial\u00bb background_position=\u00bbtop_left\u00bb background_repeat=\u00bbrepeat\u00bb hover_enabled=\u00bb0&#8243;][et_pb_column type=\u00bb2_3&#8243; _builder_version=\u00bb3.25&#8243; custom_padding=\u00bb|||\u00bb custom_padding__hover=\u00bb|||\u00bb][et_pb_text admin_label=\u00bbTexto\u00bb _builder_version=\u00bb4.3.3&#8243; header_font=\u00bb|700|||||||\u00bb background_size=\u00bbinitial\u00bb background_position=\u00bbtop_left\u00bb background_repeat=\u00bbrepeat\u00bb]<\/p>\n<h1><span style=\"color: #000080;\">SOBRE NOSOTROS<\/span><\/h1>\n<p>&nbsp;<\/p>\n<h5 style=\"text-align: justify;\"><strong>PETRO EXPRESS S.A DE C.V<\/strong>. es parte de GRUPO-PETRO y tiene como finalidad proporcionar a nuestros clientes un servicio de transporte terreste especializado, confiable y oportuno.<\/h5>\n<h5 style=\"text-align: justify;\">PETRO EXPRESS es una empresa dedicada a la transportaci\u00f3n de materiales industriales en una gran variedad de rubros. Cubriendo as\u00ed las necesidades de nuestros clientes, observando la seguridad y la protecci\u00f3n del env\u00edo. Todo nuestro personal conoce perfectamente el proceso de transportaci\u00f3n y la parte que le corresponde el sistema para que tengamos entregas oportunas, con seguridad y absoluta responsabilidad.<\/h5>\n<h5 style=\"text-align: justify;\">Nuestro personal desde los lavadores, mec\u00e1nicos, personal de oficina, hasta llegar a los operadores, est\u00e1 totalmente capacitado para realizar su labor.<\/h5>\n<h5 style=\"text-align: justify;\">Por todo esto, en PETRO EXPRESS nuestros clientes son nuestra principal prioridad, y con la absoluta confianza que su carga siempre estar\u00e1 segura con nosotros.<\/h5>\n<p>[\/et_pb_text][\/et_pb_column][et_pb_column type=\u00bb1_3&#8243; _builder_version=\u00bb3.25&#8243; custom_padding=\u00bb|||\u00bb custom_padding__hover=\u00bb|||\u00bb][et_pb_image src=\u00bbhttp:\/\/grupo-petro.com.mx\/petro\/wp-content\/uploads\/2020\/08\/PR-1499-002.jpg\u00bb align_tablet=\u00bbcenter\u00bb align_phone=\u00bb\u00bb align_last_edited=\u00bbon|desktop\u00bb admin_label=\u00bbImagen\u00bb _builder_version=\u00bb4.3.3&#8243; animation_style=\u00bbslide\u00bb animation_direction=\u00bbright\u00bb animation_duration=\u00bb500ms\u00bb animation_intensity_slide=\u00bb10%\u00bb animation=\u00bbright\u00bb sticky=\u00bboff\u00bb][\/et_pb_image][\/et_pb_column][\/et_pb_row][\/et_pb_section][et_pb_section fb_built=\u00bb1&#8243; fullwidth=\u00bbon\u00bb _builder_version=\u00bb3.22&#8243; background_color=\u00bb#ffffff\u00bb background_image=\u00bbhttp:\/\/grupo-petro.com.mx\/petro\/wp-content\/uploads\/2015\/09\/fondo_petro_3_1.jpg\u00bb transparent_background=\u00bboff\u00bb][et_pb_fullwidth_header title=\u00bbEQUIPO Y TRANSPORTE\u00bb text_orientation=\u00bbcenter\u00bb content_max_width=\u00bbnone\u00bb admin_label=\u00bbT\u00edtulo de anchura completa\u00bb _builder_version=\u00bb4.3.3&#8243; background_color=\u00bbrgba(255, 255, 255, 0)\u00bb hover_enabled=\u00bb0&#8243; button_one_text_size__hover_enabled=\u00bboff\u00bb button_two_text_size__hover_enabled=\u00bboff\u00bb button_one_text_color__hover_enabled=\u00bboff\u00bb button_two_text_color__hover_enabled=\u00bboff\u00bb button_one_border_width__hover_enabled=\u00bboff\u00bb button_two_border_width__hover_enabled=\u00bboff\u00bb button_one_border_color__hover_enabled=\u00bboff\u00bb button_two_border_color__hover_enabled=\u00bboff\u00bb button_one_border_radius__hover_enabled=\u00bboff\u00bb button_two_border_radius__hover_enabled=\u00bboff\u00bb button_one_letter_spacing__hover_enabled=\u00bboff\u00bb button_two_letter_spacing__hover_enabled=\u00bboff\u00bb button_one_bg_color__hover_enabled=\u00bboff\u00bb button_two_bg_color__hover_enabled=\u00bboff\u00bb title_font=\u00bb|700|||||||\u00bb][\/et_pb_fullwidth_header][\/et_pb_section][et_pb_section fb_built=\u00bb1&#8243; _builder_version=\u00bb3.22&#8243;][et_pb_row column_structure=\u00bb1_4,1_4,1_4,1_4&#8243; _builder_version=\u00bb4.3.3&#8243; background_size=\u00bbinitial\u00bb background_position=\u00bbtop_left\u00bb background_repeat=\u00bbrepeat\u00bb transform_scale=\u00bb110%|110%\u00bb][et_pb_column type=\u00bb1_4&#8243; _builder_version=\u00bb3.25&#8243; custom_padding=\u00bb|||\u00bb custom_padding__hover=\u00bb|||\u00bb][et_pb_image src=\u00bbhttp:\/\/grupo-petro.com.mx\/petro\/wp-content\/uploads\/2015\/09\/DSC03556.jpg\u00bb show_in_lightbox=\u00bbon\u00bb align_tablet=\u00bbcenter\u00bb align_phone=\u00bb\u00bb align_last_edited=\u00bbon|desktop\u00bb admin_label=\u00bbImagen\u00bb _builder_version=\u00bb4.3.3&#8243; animation_style=\u00bbfade\u00bb animation_duration=\u00bb500ms\u00bb box_shadow_style=\u00bbpreset1&#8243; animation=\u00bbfade_in\u00bb sticky=\u00bboff\u00bb][\/et_pb_image][et_pb_text admin_label=\u00bbTexto\u00bb _builder_version=\u00bb4.3.3&#8243; background_size=\u00bbinitial\u00bb background_position=\u00bbtop_left\u00bb background_repeat=\u00bbrepeat\u00bb]<\/p>\n<h2>Tanque de Acero Negro<\/h2>\n<p>[\/et_pb_text][\/et_pb_column][et_pb_column type=\u00bb1_4&#8243; _builder_version=\u00bb3.25&#8243; custom_padding=\u00bb|||\u00bb custom_padding__hover=\u00bb|||\u00bb][et_pb_image src=\u00bbhttp:\/\/grupo-petro.com.mx\/petro\/wp-content\/uploads\/2015\/09\/CAM00393.jpg\u00bb show_in_lightbox=\u00bbon\u00bb align_tablet=\u00bbcenter\u00bb align_phone=\u00bb\u00bb align_last_edited=\u00bbon|desktop\u00bb admin_label=\u00bbImagen\u00bb _builder_version=\u00bb4.3.3&#8243; animation_style=\u00bbfade\u00bb animation_duration=\u00bb500ms\u00bb box_shadow_style=\u00bbpreset1&#8243; animation=\u00bbfade_in\u00bb sticky=\u00bboff\u00bb][\/et_pb_image][et_pb_text admin_label=\u00bbTexto\u00bb _builder_version=\u00bb3.27.4&#8243; background_size=\u00bbinitial\u00bb background_position=\u00bbtop_left\u00bb background_repeat=\u00bbrepeat\u00bb]<\/p>\n<h2>Tanque Aluminio<\/h2>\n<p>[\/et_pb_text][\/et_pb_column][et_pb_column type=\u00bb1_4&#8243; _builder_version=\u00bb3.25&#8243; custom_padding=\u00bb|||\u00bb custom_padding__hover=\u00bb|||\u00bb][et_pb_image src=\u00bbhttp:\/\/grupo-petro.com.mx\/petro\/wp-content\/uploads\/2015\/09\/CAM00110.jpg\u00bb show_in_lightbox=\u00bbon\u00bb align_tablet=\u00bbcenter\u00bb align_phone=\u00bb\u00bb align_last_edited=\u00bbon|desktop\u00bb admin_label=\u00bbImagen\u00bb _builder_version=\u00bb4.3.3&#8243; animation_style=\u00bbfade\u00bb animation_duration=\u00bb500ms\u00bb box_shadow_style=\u00bbpreset1&#8243; animation=\u00bbfade_in\u00bb sticky=\u00bboff\u00bb][\/et_pb_image][et_pb_text admin_label=\u00bbTexto\u00bb _builder_version=\u00bb3.27.4&#8243; background_size=\u00bbinitial\u00bb background_position=\u00bbtop_left\u00bb background_repeat=\u00bbrepeat\u00bb]<\/p>\n<h2>Tanque Inoxidable<\/h2>\n<p>[\/et_pb_text][\/et_pb_column][et_pb_column type=\u00bb1_4&#8243; _builder_version=\u00bb3.25&#8243; custom_padding=\u00bb|||\u00bb custom_padding__hover=\u00bb|||\u00bb][et_pb_image src=\u00bbhttp:\/\/grupo-petro.com.mx\/petro\/wp-content\/uploads\/2015\/09\/TERMICO.jpg\u00bb show_in_lightbox=\u00bbon\u00bb align_tablet=\u00bbcenter\u00bb align_phone=\u00bb\u00bb align_last_edited=\u00bbon|desktop\u00bb admin_label=\u00bbImagen\u00bb _builder_version=\u00bb4.3.3&#8243; animation_style=\u00bbfade\u00bb animation_duration=\u00bb500ms\u00bb box_shadow_style=\u00bbpreset1&#8243; animation=\u00bbfade_in\u00bb sticky=\u00bboff\u00bb][\/et_pb_image][et_pb_text admin_label=\u00bbTexto\u00bb _builder_version=\u00bb3.27.4&#8243; background_size=\u00bbinitial\u00bb background_position=\u00bbtop_left\u00bb background_repeat=\u00bbrepeat\u00bb]<\/p>\n<h2>Tanque T\u00e9rmico<\/h2>\n<p>[\/et_pb_text][\/et_pb_column][\/et_pb_row][\/et_pb_section][et_pb_section fb_built=\u00bb1&#8243; inner_shadow=\u00bbon\u00bb _builder_version=\u00bb4.3.3&#8243; background_color=\u00bb#282828&#8243; transparent_background=\u00bboff\u00bb][et_pb_row column_structure=\u00bb3_4,1_4&#8243; _builder_version=\u00bb4.3.3&#8243; background_size=\u00bbinitial\u00bb background_position=\u00bbtop_left\u00bb background_repeat=\u00bbrepeat\u00bb][et_pb_column type=\u00bb3_4&#8243; _builder_version=\u00bb4.3.3&#8243; custom_padding=\u00bb|||\u00bb custom_padding__hover=\u00bb|||\u00bb][et_pb_blurb title=\u00bbTanques: Capacidades 30,000 Lts. a 70,000 Lts. \u00bb image_max_width=\u00bbnone\u00bb admin_label=\u00bbAnuncio\u00bb _builder_version=\u00bb4.3.3&#8243; header_level=\u00bbh3&#8243; header_font=\u00bb|700|||||||\u00bb header_text_color=\u00bb#ffffff\u00bb background_size=\u00bbinitial\u00bb background_position=\u00bbtop_left\u00bb background_repeat=\u00bbrepeat\u00bb width=\u00bb100%\u00bb]<\/p>\n<ul>\n<li style=\"text-align: justify;\"><span style=\"color: #ffffff;\">T\u00e9rmico: Asfalto, Combust\u00f3leo, Negro de Humo, Etc.<\/span><\/li>\n<li style=\"text-align: justify;\"><span style=\"color: #ffffff;\">Aluminio: Productos Refinados (Turbosina, Gasavion, Diesel, Gasolina, Etc.)<\/span><\/li>\n<li style=\"text-align: justify;\"><span style=\"color: #ffffff;\">Inoxidable: Agua, Acido, Quimico, Petroquimico, Alcohol, Arcilla, Detergente, Etc.)<\/span><\/li>\n<li style=\"text-align: justify;\"><span style=\"color: #ffffff;\">Acero al Carb\u00f3n: PR (Magna, Premium, Diesel). Combustible Alterno, Aceite,<\/span><br \/> <span style=\"color: #ffffff;\"> Residuos, Lodos, Agua, Entre Otros.)<\/span><\/li>\n<\/ul>\n<p>[\/et_pb_blurb][\/et_pb_column][et_pb_column type=\u00bb1_4&#8243; _builder_version=\u00bb3.25&#8243; custom_padding=\u00bb|||\u00bb custom_padding__hover=\u00bb|||\u00bb][et_pb_blurb title=\u00bbTodo nuestro equipo se encuentra dentro de las normas, permisos y certificaciones requeridas por la S.C.T\u00bb image_max_width=\u00bbnone\u00bb admin_label=\u00bbAnuncio\u00bb _builder_version=\u00bb4.3.3&#8243; body_text_color=\u00bb#ffffff\u00bb background_size=\u00bbinitial\u00bb background_position=\u00bbtop_left\u00bb background_repeat=\u00bbrepeat\u00bb background_layout=\u00bbdark\u00bb width=\u00bb100%\u00bb][\/et_pb_blurb][\/et_pb_column][\/et_pb_row][\/et_pb_section][et_pb_section fb_built=\u00bb1&#8243; _builder_version=\u00bb4.3.3&#8243; background_color=\u00bb#ffffff\u00bb use_background_color_gradient=\u00bbon\u00bb background_color_gradient_start=\u00bb#ffffff\u00bb background_color_gradient_end=\u00bbrgba(255,255,255,0.29)\u00bb background_image=\u00bbhttp:\/\/grupo-petro.com.mx\/petro\/wp-content\/uploads\/2020\/08\/DSC_0746-scaled.jpg\u00bb background_blend=\u00bboverlay\u00bb transparent_background=\u00bboff\u00bb][et_pb_row column_structure=\u00bb1_2,1_2&#8243; _builder_version=\u00bb3.25&#8243; background_size=\u00bbinitial\u00bb background_position=\u00bbtop_left\u00bb background_repeat=\u00bbrepeat\u00bb][et_pb_column type=\u00bb1_2&#8243; _builder_version=\u00bb3.25&#8243; custom_padding=\u00bb|||\u00bb custom_padding__hover=\u00bb|||\u00bb][et_pb_text admin_label=\u00bbTexto\u00bb _builder_version=\u00bb4.3.3&#8243; ul_text_color=\u00bb#000000&#8243; header_font=\u00bb|700|||||||\u00bb background_size=\u00bbinitial\u00bb background_position=\u00bbtop_left\u00bb background_repeat=\u00bbrepeat\u00bb]<\/p>\n<h1 style=\"text-align: left;\"><span style=\"color: #000080;\">PROTOCOLOS Y TECNOLOG\u00cdA<\/span><\/h1>\n<h2 style=\"text-align: left;\"><\/h2>\n<h2 style=\"text-align: justify;\">Tecnolog\u00eda:<\/h2>\n<ul style=\"text-align: left;\">\n<li style=\"text-align: justify;\">\u00a0<strong>L.I.S. \u201cZAM\u201d: sistema integral de operaci\u00f3n, administraci\u00f3n, log\u00edstica y mantenimiento de transporte.<\/strong><\/li>\n<li style=\"text-align: justify;\"><strong>Equipo de Rastreo en 100% de la flota: monitoreado (velocidad, ruta, paradas,tiempos, etc.) interna y externamente 24\/7 los 365 dias del a\u00f1o.<\/strong><\/li>\n<li style=\"text-align: justify;\"><strong>Comunicaci\u00f3n: Tr\u00e1fico-operadores directa v\u00eda Telef\u00f3nica 24\/7<\/strong><\/li>\n<li style=\"text-align: justify;\"><strong>Sistema antivuelco: 70% de la flota cuenta con el sistema de prevenci\u00f3n de accidentes.<\/strong><\/li>\n<li style=\"text-align: justify;\"><strong>Responsabilidad: P\u00f3liza R.C. Ec\u00f3logica ampara accidentes o derrames que ocacione su producto donde contamienen el medio ambiente.<\/strong><\/li>\n<li style=\"text-align: justify;\"><strong>Todas nuestras unidades circulan por autopistas de peaje, usando \u201cIAVE\u201d<\/strong><\/li>\n<\/ul>\n<p>[\/et_pb_text][\/et_pb_column][et_pb_column type=\u00bb1_2&#8243; _builder_version=\u00bb3.25&#8243; custom_padding=\u00bb|||\u00bb custom_padding__hover=\u00bb|||\u00bb][et_pb_text admin_label=\u00bbTexto\u00bb _builder_version=\u00bb4.3.3&#8243; ul_text_color=\u00bb#000000&#8243; background_size=\u00bbinitial\u00bb background_position=\u00bbtop_left\u00bb background_repeat=\u00bbrepeat\u00bb]<\/p>\n<h2 style=\"text-align: justify;\"><\/h2>\n<h2 style=\"text-align: justify;\"><\/h2>\n<h2 style=\"text-align: justify;\">Operadores:<\/h2>\n<ul>\n<li style=\"text-align: justify;\"><strong>Selecci\u00f3n sistema R. Control \u201cRECURSO CONFIABLE\u201d<\/strong><\/li>\n<li style=\"text-align: justify;\"><strong>Posteriormente prueba de pol\u00edgrafo \u201cDETECTOR DE MENTIRAS\u201d<\/strong><\/li>\n<li style=\"text-align: justify;\"><strong>Todos nuestros operadores cuentan con licencia tipo \u201cE\u201d<\/strong><\/li>\n<li style=\"text-align: justify;\"><strong>Capacitaci\u00f3n y revisi\u00f3n m\u00e9dica de operadores continua<\/strong><\/li>\n<\/ul>\n<p>[\/et_pb_text][\/et_pb_column][\/et_pb_row][\/et_pb_section]<\/p>\n","protected":false},"excerpt":{"rendered":"<p>[et_pb_section fb_built=\u00bb1&#8243; fullwidth=\u00bbon\u00bb _builder_version=\u00bb3.22&#8243;][et_pb_fullwidth_slider admin_label=\u00bbControl deslizante de anchura completa\u00bb _builder_version=\u00bb4.3.3&#8243; custom_padding=\u00bb|||\u00bb custom_padding_tablet=\u00bb|||\u00bb custom_padding_phone=\u00bb|||\u00bb box_shadow_style=\u00bbpreset6&#8243; box_shadow_blur=\u00bb10px\u00bb box_shadow_color=\u00bbrgba(0,0,0,0.1)\u00bb show_inner_shadow=\u00bbon\u00bb button_text_size__hover_enabled=\u00bboff\u00bb button_one_text_size__hover_enabled=\u00bboff\u00bb button_two_text_size__hover_enabled=\u00bboff\u00bb button_text_color__hover_enabled=\u00bboff\u00bb button_one_text_color__hover_enabled=\u00bboff\u00bb button_two_text_color__hover_enabled=\u00bboff\u00bb button_border_width__hover_enabled=\u00bboff\u00bb button_one_border_width__hover_enabled=\u00bboff\u00bb button_two_border_width__hover_enabled=\u00bboff\u00bb button_border_color__hover_enabled=\u00bboff\u00bb button_one_border_color__hover_enabled=\u00bboff\u00bb button_two_border_color__hover_enabled=\u00bboff\u00bb button_border_radius__hover_enabled=\u00bboff\u00bb button_one_border_radius__hover_enabled=\u00bboff\u00bb button_two_border_radius__hover_enabled=\u00bboff\u00bb button_letter_spacing__hover_enabled=\u00bboff\u00bb button_one_letter_spacing__hover_enabled=\u00bboff\u00bb button_two_letter_spacing__hover_enabled=\u00bboff\u00bb button_bg_color__hover_enabled=\u00bboff\u00bb button_one_bg_color__hover_enabled=\u00bboff\u00bb button_two_bg_color__hover_enabled=\u00bboff\u00bb][et_pb_slide heading=\u00bbPetro Express del Norte\u00bb use_text_overlay=\u00bbon\u00bb _builder_version=\u00bb4.3.3&#8243; header_font=\u00bb|600|||||||\u00bb header_font_size=\u00bb42px\u00bb background_color=\u00bb#ffffff\u00bb background_image=\u00bbhttp:\/\/grupo-petro.com.mx\/petro\/wp-content\/uploads\/2015\/09\/headerexp.jpg\u00bb button_text_size__hover_enabled=\u00bboff\u00bb button_one_text_size__hover_enabled=\u00bboff\u00bb button_two_text_size__hover_enabled=\u00bboff\u00bb button_text_color__hover_enabled=\u00bboff\u00bb button_one_text_color__hover_enabled=\u00bboff\u00bb button_two_text_color__hover_enabled=\u00bboff\u00bb button_border_width__hover_enabled=\u00bboff\u00bb [&hellip;]<\/p>\n","protected":false},"author":2,"featured_media":0,"parent":0,"menu_order":0,"comment_status":"open","ping_status":"open","template":"","meta":{"_et_pb_use_builder":"on","_et_pb_old_content":"","_et_gb_content_width":""},"_links":{"self":[{"href":"https:\/\/grupo-petro.com.mx\/petro\/wp-json\/wp\/v2\/pages\/223"}],"collection":[{"href":"https:\/\/grupo-petro.com.mx\/petro\/wp-json\/wp\/v2\/pages"}],"about":[{"href":"https:\/\/grupo-petro.com.mx\/petro\/wp-json\/wp\/v2\/types\/page"}],"author":[{"embeddable":true,"href":"https:\/\/grupo-petro.com.mx\/petro\/wp-json\/wp\/v2\/users\/2"}],"replies":[{"embeddable":true,"href":"https:\/\/grupo-petro.com.mx\/petro\/wp-json\/wp\/v2\/comments?post=223"}],"version-history":[{"count":26,"href":"https:\/\/grupo-petro.com.mx\/petro\/wp-json\/wp\/v2\/pages\/223\/revisions"}],"predecessor-version":[{"id":1032,"href":"https:\/\/grupo-petro.com.mx\/petro\/wp-json\/wp\/v2\/pages\/223\/revisions\/1032"}],"wp:attachment":[{"href":"https:\/\/grupo-petro.com.mx\/petro\/wp-json\/wp\/v2\/media?parent=223"}],"curies":[{"name":"wp","href":"https:\/\/api.w.org\/{rel}","templated":true}]}}